{"id":2932,"date":"2026-01-06T19:47:02","date_gmt":"2026-01-07T00:47:02","guid":{"rendered":"https:\/\/romanydelgado.com\/?page_id=2932"},"modified":"2026-01-06T19:47:02","modified_gmt":"2026-01-07T00:47:02","slug":"password-reset","status":"publish","type":"page","link":"https:\/\/romanydelgado.com\/?page_id=2932","title":{"rendered":"Restablecer la contrase\u00f1a"},"content":{"rendered":"<div class=\"um um-password um-um_password_id\">\n\t<div class=\"um-form\">\n\t\t<form method=\"post\" action=\"\">\n\t\t\t\n\t\t\t\t<input type=\"hidden\" name=\"_um_password_reset\" id=\"_um_password_reset\" value=\"1\" \/>\n\n\t\t\t\t\t\t\t\t\t<div class=\"um-field um-field-block um-field-type_block\">\n\t\t\t\t\t\t<div class=\"um-field-block\">\n\t\t\t\t\t\t\t<div style=\"text-align:center;\">\n\t\t\t\t\t\t\t\tPara restablecer tu contrase\u00f1a, por favor, introduce a continuaci\u00f3n tu direcci\u00f3n de correo electr\u00f3nico o nombre de usuario.\t\t\t\t\t\t\t<\/div>\n\t\t\t\t\t\t<\/div>\n\t\t\t\t\t<\/div>\n\t\t\t\t\t<div  id=\"um_field_0_username_b\" class=\"um-field um-field-text  um-field-username_b um-field-text um-field-type_text\" data-key=\"username_b\"><div class=\"um-field-area\"><input  autocomplete=\"off\" class=\"um-form-field valid \" type=\"text\" name=\"username_b\" id=\"username_b\" value=\"\" placeholder=\"Introduce tu nombre de usuario o correo electr\u00f3nico\" data-validate=\"\" data-key=\"username_b\"  aria-invalid=\"false\" \/>\n\n\t\t\t\t\t\t<\/div><\/div>\t\t\t\t<div class=\"um-col-alt um-col-alt-b\">\n\t\t\t\t\t<div class=\"um-center\">\n\t\t\t\t\t\t<input type=\"submit\" value=\"Reset password\" class=\"um-button\" id=\"um-submit-btn\" \/>\n\t\t\t\t\t<\/div>\n\t\t\t\t\t<div class=\"um-clear\"><\/div>\n\t\t\t\t<\/div>\n\t\t\t\t\t<input type=\"hidden\" name=\"form_id\" id=\"form_id_um_password_id\" value=\"um_password_id\" \/>\n\t\t<p class=\"um_request_name\">\n\t\t<label for=\"um_request_um_password_id\">Only fill in if you are not human<\/label>\n\t\t<input type=\"hidden\" name=\"um_request\" id=\"um_request_um_password_id\" class=\"input\" value=\"\" size=\"25\" autocomplete=\"off\" \/>\n\t<\/p>\n\t\t\t<\/form>\n\t<\/div>\n<\/div>\n<style>\n\t\t\t.um-um_password_id.um {\n\t\t\tmax-width: 450px;\n\t\t}\n\t\t<\/style>\n\n","protected":false},"excerpt":{"rendered":"","protected":false},"author":1,"featured_media":0,"parent":0,"menu_order":0,"comment_status":"closed","ping_status":"closed","template":"","meta":{"content-type":"","site-sidebar-layout":"default","site-content-layout":"","ast-site-content-layout":"default","site-content-style":"default","site-sidebar-style":"default","ast-global-header-display":"","ast-banner-title-visibility":"","ast-main-header-display":"","ast-hfb-above-header-display":"","ast-hfb-below-header-display":"","ast-hfb-mobile-header-display":"","site-post-title":"","ast-breadcrumbs-content":"","ast-featured-img":"","footer-sml-layout":"","ast-disable-related-posts":"","theme-transparent-header-meta":"","adv-header-id-meta":"","stick-header-meta":"","header-above-stick-meta":"","header-main-stick-meta":"","header-below-stick-meta":"","astra-migrate-meta-layouts":"default","ast-page-background-enabled":"default","ast-page-background-meta":{"desktop":{"background-color":"","background-image":"","background-repeat":"repeat","background-position":"center center","background-size":"auto","background-attachment":"scroll","background-type":"","background-media":"","overlay-type":"","overlay-color":"","overlay-opacity":"","overlay-gradient":""},"tablet":{"background-color":"","background-image":"","background-repeat":"repeat","background-position":"center center","background-size":"auto","background-attachment":"scroll","background-type":"","background-media":"","overlay-type":"","overlay-color":"","overlay-opacity":"","overlay-gradient":""},"mobile":{"background-color":"","background-image":"","background-repeat":"repeat","background-position":"center center","background-size":"auto","background-attachment":"scroll","background-type":"","background-media":"","overlay-type":"","overlay-color":"","overlay-opacity":"","overlay-gradient":""}},"ast-content-background-meta":{"desktop":{"background-color":"var(--ast-global-color-5)","background-image":"","background-repeat":"repeat","background-position":"center center","background-size":"auto","background-attachment":"scroll","background-type":"","background-media":"","overlay-type":"","overlay-color":"","overlay-opacity":"","overlay-gradient":""},"tablet":{"background-color":"var(--ast-global-color-5)","background-image":"","background-repeat":"repeat","background-position":"center center","background-size":"auto","background-attachment":"scroll","background-type":"","background-media":"","overlay-type":"","overlay-color":"","overlay-opacity":"","overlay-gradient":""},"mobile":{"background-color":"var(--ast-global-color-5)","background-image":"","background-repeat":"repeat","background-position":"center center","background-size":"auto","background-attachment":"scroll","background-type":"","background-media":"","overlay-type":"","overlay-color":"","overlay-opacity":"","overlay-gradient":""}},"footnotes":""},"class_list":["post-2932","page","type-page","status-publish","hentry"],"yoast_head":"<!-- This site is optimized with the Yoast SEO plugin v26.7 - https:\/\/yoast.com\/wordpress\/plugins\/seo\/ -->\n<title>Restablecer la contrase\u00f1a - Rom\u00e1n &amp; Delgado<\/title>\n<meta name=\"robots\" content=\"index, follow, max-snippet:-1, max-image-preview:large, max-video-preview:-1\" \/>\n<link rel=\"canonical\" href=\"https:\/\/romanydelgado.com\/?page_id=2932\" \/>\n<meta property=\"og:locale\" content=\"es_ES\" \/>\n<meta property=\"og:type\" content=\"article\" \/>\n<meta property=\"og:title\" content=\"Restablecer la contrase\u00f1a - Rom\u00e1n &amp; Delgado\" \/>\n<meta property=\"og:url\" content=\"https:\/\/romanydelgado.com\/?page_id=2932\" \/>\n<meta property=\"og:site_name\" content=\"Rom\u00e1n &amp; Delgado\" \/>\n<meta name=\"twitter:card\" content=\"summary_large_image\" \/>\n<script type=\"application\/ld+json\" class=\"yoast-schema-graph\">{\"@context\":\"https:\/\/schema.org\",\"@graph\":[{\"@type\":\"WebPage\",\"@id\":\"https:\/\/romanydelgado.com\/?page_id=2932\",\"url\":\"https:\/\/romanydelgado.com\/?page_id=2932\",\"name\":\"Restablecer la contrase\u00f1a - Rom\u00e1n &amp; Delgado\",\"isPartOf\":{\"@id\":\"https:\/\/romanydelgado.com\/#website\"},\"datePublished\":\"2026-01-07T00:47:02+00:00\",\"breadcrumb\":{\"@id\":\"https:\/\/romanydelgado.com\/?page_id=2932#breadcrumb\"},\"inLanguage\":\"es\",\"potentialAction\":[{\"@type\":\"ReadAction\",\"target\":[\"https:\/\/romanydelgado.com\/?page_id=2932\"]}]},{\"@type\":\"BreadcrumbList\",\"@id\":\"https:\/\/romanydelgado.com\/?page_id=2932#breadcrumb\",\"itemListElement\":[{\"@type\":\"ListItem\",\"position\":1,\"name\":\"Portada\",\"item\":\"https:\/\/romanydelgado.com\/\"},{\"@type\":\"ListItem\",\"position\":2,\"name\":\"Restablecer la contrase\u00f1a\"}]},{\"@type\":\"WebSite\",\"@id\":\"https:\/\/romanydelgado.com\/#website\",\"url\":\"https:\/\/romanydelgado.com\/\",\"name\":\"Rom\u00e1n &amp; Delgado\",\"description\":\"Despacho de Abogados\",\"publisher\":{\"@id\":\"https:\/\/romanydelgado.com\/#organization\"},\"potentialAction\":[{\"@type\":\"SearchAction\",\"target\":{\"@type\":\"EntryPoint\",\"urlTemplate\":\"https:\/\/romanydelgado.com\/?s={search_term_string}\"},\"query-input\":{\"@type\":\"PropertyValueSpecification\",\"valueRequired\":true,\"valueName\":\"search_term_string\"}}],\"inLanguage\":\"es\"},{\"@type\":\"Organization\",\"@id\":\"https:\/\/romanydelgado.com\/#organization\",\"name\":\"Rom\u00e1n &amp; Delgado\",\"url\":\"https:\/\/romanydelgado.com\/\",\"logo\":{\"@type\":\"ImageObject\",\"inLanguage\":\"es\",\"@id\":\"https:\/\/romanydelgado.com\/#\/schema\/logo\/image\/\",\"url\":\"https:\/\/romanydelgado.com\/wp-content\/uploads\/2026\/04\/cropped-logo-blancodorado-scaled-1.png\",\"contentUrl\":\"https:\/\/romanydelgado.com\/wp-content\/uploads\/2026\/04\/cropped-logo-blancodorado-scaled-1.png\",\"width\":2555,\"height\":1997,\"caption\":\"Rom\u00e1n &amp; Delgado\"},\"image\":{\"@id\":\"https:\/\/romanydelgado.com\/#\/schema\/logo\/image\/\"}}]}<\/script>\n<!-- \/ Yoast SEO plugin. -->","yoast_head_json":{"title":"Restablecer la contrase\u00f1a - Rom\u00e1n &amp; Delgado","robots":{"index":"index","follow":"follow","max-snippet":"max-snippet:-1","max-image-preview":"max-image-preview:large","max-video-preview":"max-video-preview:-1"},"canonical":"https:\/\/romanydelgado.com\/?page_id=2932","og_locale":"es_ES","og_type":"article","og_title":"Restablecer la contrase\u00f1a - Rom\u00e1n &amp; Delgado","og_url":"https:\/\/romanydelgado.com\/?page_id=2932","og_site_name":"Rom\u00e1n &amp; Delgado","twitter_card":"summary_large_image","schema":{"@context":"https:\/\/schema.org","@graph":[{"@type":"WebPage","@id":"https:\/\/romanydelgado.com\/?page_id=2932","url":"https:\/\/romanydelgado.com\/?page_id=2932","name":"Restablecer la contrase\u00f1a - Rom\u00e1n &amp; Delgado","isPartOf":{"@id":"https:\/\/romanydelgado.com\/#website"},"datePublished":"2026-01-07T00:47:02+00:00","breadcrumb":{"@id":"https:\/\/romanydelgado.com\/?page_id=2932#breadcrumb"},"inLanguage":"es","potentialAction":[{"@type":"ReadAction","target":["https:\/\/romanydelgado.com\/?page_id=2932"]}]},{"@type":"BreadcrumbList","@id":"https:\/\/romanydelgado.com\/?page_id=2932#breadcrumb","itemListElement":[{"@type":"ListItem","position":1,"name":"Portada","item":"https:\/\/romanydelgado.com\/"},{"@type":"ListItem","position":2,"name":"Restablecer la contrase\u00f1a"}]},{"@type":"WebSite","@id":"https:\/\/romanydelgado.com\/#website","url":"https:\/\/romanydelgado.com\/","name":"Rom\u00e1n &amp; Delgado","description":"Despacho de Abogados","publisher":{"@id":"https:\/\/romanydelgado.com\/#organization"},"potentialAction":[{"@type":"SearchAction","target":{"@type":"EntryPoint","urlTemplate":"https:\/\/romanydelgado.com\/?s={search_term_string}"},"query-input":{"@type":"PropertyValueSpecification","valueRequired":true,"valueName":"search_term_string"}}],"inLanguage":"es"},{"@type":"Organization","@id":"https:\/\/romanydelgado.com\/#organization","name":"Rom\u00e1n &amp; Delgado","url":"https:\/\/romanydelgado.com\/","logo":{"@type":"ImageObject","inLanguage":"es","@id":"https:\/\/romanydelgado.com\/#\/schema\/logo\/image\/","url":"https:\/\/romanydelgado.com\/wp-content\/uploads\/2026\/04\/cropped-logo-blancodorado-scaled-1.png","contentUrl":"https:\/\/romanydelgado.com\/wp-content\/uploads\/2026\/04\/cropped-logo-blancodorado-scaled-1.png","width":2555,"height":1997,"caption":"Rom\u00e1n &amp; Delgado"},"image":{"@id":"https:\/\/romanydelgado.com\/#\/schema\/logo\/image\/"}}]}},"_links":{"self":[{"href":"https:\/\/romanydelgado.com\/index.php?rest_route=\/wp\/v2\/pages\/2932","targetHints":{"allow":["GET"]}}],"collection":[{"href":"https:\/\/romanydelgado.com\/index.php?rest_route=\/wp\/v2\/pages"}],"about":[{"href":"https:\/\/romanydelgado.com\/index.php?rest_route=\/wp\/v2\/types\/page"}],"author":[{"embeddable":true,"href":"https:\/\/romanydelgado.com\/index.php?rest_route=\/wp\/v2\/users\/1"}],"replies":[{"embeddable":true,"href":"https:\/\/romanydelgado.com\/index.php?rest_route=%2Fwp%2Fv2%2Fcomments&post=2932"}],"version-history":[{"count":0,"href":"https:\/\/romanydelgado.com\/index.php?rest_route=\/wp\/v2\/pages\/2932\/revisions"}],"wp:attachment":[{"href":"https:\/\/romanydelgado.com\/index.php?rest_route=%2Fwp%2Fv2%2Fmedia&parent=2932"}],"curies":[{"name":"wp","href":"https:\/\/api.w.org\/{rel}","templated":true}]}}